{"id":484,"date":"2023-07-12T13:09:36","date_gmt":"2023-07-12T11:09:36","guid":{"rendered":"http:\/\/assomontevideo.com\/index.php\/lequipe\/"},"modified":"2024-05-07T17:34:39","modified_gmt":"2024-05-07T15:34:39","slug":"lequipe","status":"publish","type":"page","link":"https:\/\/assomontevideo.com\/index.php\/lequipe\/","title":{"rendered":"L&rsquo;\u00e9quipe"},"content":{"rendered":"<div data-colibri-id=\"484-c1\" class=\"style-371 style-local-484-c1 position-relative\">\n  <!---->\n  <div data-colibri-component=\"section\" data-colibri-id=\"484-c2\" id=\"custom\" class=\"h-section h-section-global-spacing d-flex align-items-lg-center align-items-md-center align-items-center style-372 style-local-484-c2 position-relative\">\n    <!---->\n    <!---->\n    <div class=\"h-section-grid-container h-section-boxed-container\">\n      <!---->\n      <div data-colibri-id=\"484-c3\" class=\"h-row-container gutters-row-lg-2 gutters-row-md-2 gutters-row-0 gutters-row-v-lg-2 gutters-row-v-md-2 gutters-row-v-2 style-373 style-local-484-c3 position-relative\">\n        <!---->\n        <div class=\"h-row justify-content-lg-center justify-content-md-center justify-content-center align-items-lg-stretch align-items-md-stretch align-items-stretch gutters-col-lg-2 gutters-col-md-2 gutters-col-0 gutters-col-v-lg-2 gutters-col-v-md-2 gutters-col-v-2\">\n          <!---->\n          <div class=\"h-column h-column-container d-flex h-col-lg-auto h-col-md-auto h-col-auto style-374-outer style-local-484-c4-outer\">\n            <div data-colibri-id=\"484-c4\" class=\"d-flex h-flex-basis h-column__inner h-px-lg-2 h-px-md-2 h-px-2 v-inner-lg-2 v-inner-md-2 v-inner-2 style-374 style-local-484-c4 position-relative\">\n              <!---->\n              <!---->\n              <div class=\"w-100 h-y-container h-column__content h-column__v-align flex-basis-100 align-self-lg-start align-self-md-start align-self-start\">\n                <!---->\n                <div data-colibri-id=\"484-c5\" class=\"h-text h-text-component style-375 style-local-484-c5 position-relative h-element\">\n                  <!---->\n                  <!---->\n                  <div class=\"\">\n                    <ul>\n                      <li>\n                        <a href=\"http:\/\/inzieye.com\" target=\"_blank\" rel=\"noopener\">Eric Parisi<\/a>&nbsp;: r\u00e9alisateur, cadreur, monteur, VJ et animateur d&rsquo;ateliers.<\/li>\n                      <li>\n                        <a href=\"https:\/\/audio664.com\" target=\"_blank\" class=\"customize-unpreviewable\" rel=\"noopener\">J\u00e9r\u00e9my Obriot<\/a> : ing\u00e9nieur du son, sound designer,compositeur.<\/li>\n                      <li>Hugues Deloos : compositeur, cadreur, assistant r\u00e9alisateur.<\/li>\n                      <li>\n                        <a href=\"https:\/\/shiftek.fr\" target=\"_blank\" class=\"customize-unpreviewable\" rel=\"noopener\">Maxime Ritz<\/a> : graphiste, motion designer.<\/li>\n                    <\/ul>\n                    <p>\n                      <br>\n                    <\/p>\n                  <\/div>\n                <\/div>\n              <\/div>\n            <\/div>\n          <\/div>\n        <\/div>\n      <\/div>\n    <\/div>\n  <\/div>\n<\/div>","protected":false},"excerpt":{"rendered":"<p>Eric Parisi&nbsp;: r\u00e9alisateur, cadreur, monteur, VJ et animateur d&rsquo;ateliers. J\u00e9r\u00e9my Obriot : ing\u00e9nieur du son, sound designer,compositeur. Hugues Deloos : compositeur, cadreur, assistant r\u00e9alisateur. Maxime Ritz : graphiste, motion designer.<\/p>\n","protected":false},"author":1,"featured_media":0,"parent":0,"menu_order":0,"comment_status":"closed","ping_status":"closed","template":"page-templates\/full-width-page.php","meta":{"footnotes":""},"class_list":["post-484","page","type-page","status-publish","hentry"],"_links":{"self":[{"href":"https:\/\/assomontevideo.com\/index.php\/wp-json\/wp\/v2\/pages\/484","targetHints":{"allow":["GET"]}}],"collection":[{"href":"https:\/\/assomontevideo.com\/index.php\/wp-json\/wp\/v2\/pages"}],"about":[{"href":"https:\/\/assomontevideo.com\/index.php\/wp-json\/wp\/v2\/types\/page"}],"author":[{"embeddable":true,"href":"https:\/\/assomontevideo.com\/index.php\/wp-json\/wp\/v2\/users\/1"}],"replies":[{"embeddable":true,"href":"https:\/\/assomontevideo.com\/index.php\/wp-json\/wp\/v2\/comments?post=484"}],"version-history":[{"count":7,"href":"https:\/\/assomontevideo.com\/index.php\/wp-json\/wp\/v2\/pages\/484\/revisions"}],"predecessor-version":[{"id":662,"href":"https:\/\/assomontevideo.com\/index.php\/wp-json\/wp\/v2\/pages\/484\/revisions\/662"}],"wp:attachment":[{"href":"https:\/\/assomontevideo.com\/index.php\/wp-json\/wp\/v2\/media?parent=484"}],"curies":[{"name":"wp","href":"https:\/\/api.w.org\/{rel}","templated":true}]}}